{"id":290,"date":"2016-04-13T15:42:23","date_gmt":"2016-04-13T13:42:23","guid":{"rendered":"http:\/\/olovo.gov.ba\/?page_id=290"},"modified":"2016-08-12T15:14:01","modified_gmt":"2016-08-12T13:14:01","slug":"o-olovu","status":"publish","type":"page","link":"https:\/\/olovo.gov.ba?page_id=290","title":{"rendered":"O Olovu"},"content":{"rendered":"<p>Grad Olovo prema administrativnoj organizaciji pripada Zeni\u010dko- dobojskom kantonu i udaljen je 56 km od Sarajeva, a 75 km od Tuzle.<\/p>\n<p>Prostire se na 408 km2 i ima oko 10 hiljada stanovnika.<\/p>\n<p>Prvi puta se spominje 1382. godine pod nazivom Plumbum, kojeg je dobio po rudi olova kojem je ovaj prostor bogat.<\/p>\n<p>Historijski gledano, to su prvi prirodni i privredni resursi koji su kori\u0161teni u Olovu. Osim po rudi olova, grad Olovo je u bli\u017eoj pro\u0161losti poznat i po drvnoj industriji koju u posljednje vrijeme nastoji obnoviti i unaprijediti kroz razli\u010dite razvojne programe.<\/p>\n<p>U posljednjoj deceniji implementira se strate\u0161ki zaokret u razvoju privrede Op\u0107ine Olova ka turizmu, a koja je primarno bazirana na iskori\u0161tavanju termo- mineralne vode u svrhu daljeg razvoja banjsko- rekreativnog turizma.<\/p>\n<p>Navedena vrsta djelatnosti nema nikakvih negativnih efekata po prirodnu okolinu Op\u0107ine.<\/p>\n<p>Ovakvo opredjeljenje se pokazalo kao ispravno pogotovo nakon poplava u maju 2014. godine u kojima je Op\u0107ina Olovo i grad Olovo pretrpjela zna\u010dajne \u0161tete.<\/p>\n","protected":false},"excerpt":{"rendered":"<p>Grad Olovo prema administrativnoj organizaciji pripada Zeni\u010dko- dobojskom kantonu i udaljen je 56 km od Sarajeva, a 75 km od Tuzle. Prostire se na 408 km2 i ima oko 10 hiljada stanovnika. Prvi puta se spominje 1382. godine pod nazivom Plumbum, kojeg je dobio po rudi olova kojem je ovaj prostor bogat. Historijski gledano, to [&hellip;]<\/p>\n","protected":false},"author":1,"featured_media":0,"parent":0,"menu_order":0,"comment_status":"closed","ping_status":"closed","template":"","meta":[],"_links":{"self":[{"href":"https:\/\/olovo.gov.ba\/index.php?rest_route=\/wp\/v2\/pages\/290"}],"collection":[{"href":"https:\/\/olovo.gov.ba\/index.php?rest_route=\/wp\/v2\/pages"}],"about":[{"href":"https:\/\/olovo.gov.ba\/index.php?rest_route=\/wp\/v2\/types\/page"}],"author":[{"embeddable":true,"href":"https:\/\/olovo.gov.ba\/index.php?rest_route=\/wp\/v2\/users\/1"}],"replies":[{"embeddable":true,"href":"https:\/\/olovo.gov.ba\/index.php?rest_route=%2Fwp%2Fv2%2Fcomments&post=290"}],"version-history":[{"count":2,"href":"https:\/\/olovo.gov.ba\/index.php?rest_route=\/wp\/v2\/pages\/290\/revisions"}],"predecessor-version":[{"id":651,"href":"https:\/\/olovo.gov.ba\/index.php?rest_route=\/wp\/v2\/pages\/290\/revisions\/651"}],"wp:attachment":[{"href":"https:\/\/olovo.gov.ba\/index.php?rest_route=%2Fwp%2Fv2%2Fmedia&parent=290"}],"curies":[{"name":"wp","href":"https:\/\/api.w.org\/{rel}","templated":true}]}}