{"id":296,"date":"2016-04-13T15:54:19","date_gmt":"2016-04-13T13:54:19","guid":{"rendered":"http:\/\/olovo.gov.ba\/?page_id=296"},"modified":"2016-04-13T16:01:02","modified_gmt":"2016-04-13T14:01:02","slug":"privreda","status":"publish","type":"page","link":"https:\/\/olovo.gov.ba?page_id=296","title":{"rendered":"Privreda"},"content":{"rendered":"<p>U periodu od 1945.- 1992. godine Olovo se razvijalo kao industrijski gradi\u0107 prije svega na bazi razvoja drvno- prera\u0111iva\u010dke i tekstilne indsutrije. Tranzitna pozicija i blizina Sarajevu pozitivno su uticala na razvoj Olova.<\/p>\n<p>U poslijeratnom periodu pokrenuto je privatna firma Alma Ras koja upo\u0161ljava oko 800 ljudi.<\/p>\n<p>Posebno mjesto u privredi Op\u0107ine zauzima i rudnik koji se nalazi u koritu rijeke Bio\u0161tice i raspola\u017ee zna\u010dajnim zalihama rude olova, koja se jo\u0161 u srednjem vijeku na prostoru op\u0107ine eksploatisala i po kojoj je mjesto i dobilo ime.<\/p>\n<p>Zna\u010dajan momenat za strate\u0161ko opredjeljenje Op\u0107ine je kori\u0161tenje prirodnih vodenih potencijala u funkciji izgradnje i postavljanja mini hidrocentrala. Radi se o seriji projekata u cilju aktiviranja i iskori\u0161tavanja postoje\u0107ih potencijala za proizvodnju elektri\u010dne energije.<\/p>\n<p><strong>Poljoprivreda:<\/strong><\/p>\n<p>Analiza prirodnih uslova i ste\u010denih osnova pokazuje da je na terenu op\u0161tine mogu\u0107e uspje\u0161no razvijati sljede\u0107e linije proizvodnje hrane:<\/p>\n<ul>\n<li>Proizvodnju mesa i mlijeka na bazi uzgoja goveda, ovaca i koza;<\/li>\n<li>Peradarstvo;<\/li>\n<li>Uzgoj ribe;<\/li>\n<li>Proizvodnju povr\u0107a;<\/li>\n<li>Proizvodnju vo\u0107a;<\/li>\n<li>Proizvodnju aromati\u010dnog i ljekovitog bilja;<\/li>\n<li>P\u010delarstvo.<\/li>\n<\/ul>\n<p>Proizvodnja i prerada mesa se sastoji od sljede\u0107ih tehnolo\u0161kih kompleksa:<\/p>\n<ul>\n<li>Proizvodnja kabaste sto\u010dne hrane;<\/li>\n<li>Proizvodnja koncentrovane sto\u010dne hrane;<\/li>\n<li>Uzgoj i tov;<\/li>\n<li>Prerada mlijeka i<\/li>\n<li>Prerada mesa.<\/li>\n<\/ul>\n<p>Dugoro\u010dan cilj razvoja povrtlarstva na terenu op\u0107ine su sljede\u0107i:<\/p>\n<ul>\n<li>Pretvaranje sitnih poljoprivrednih gazdinstava u robne proizvo\u0111a\u010de,<\/li>\n<li>Proizvesti povr\u0107e i prera\u0111evine od povr\u0107a da se zadovolje potrebe stanovni\u0161tva, lokalnog turizma i konkurentno sposobni plasman na tr\u017ei\u0161tu van op\u0107ine,<\/li>\n<li>Razvoj prerade povr\u0107a radi zapo\u0161ljavanja stanovni\u0161tva i postizanja boljih finansijskih efekata iz te proizvodne linije.<\/li>\n<\/ul>\n<p>U programiranju razvoja vo\u0107arstva treba obratiti pa\u017enju na:<\/p>\n<ul>\n<li>Organizaciju uzgoja autohtonih vrsta vo\u0107aka na ovim terenima i<\/li>\n<li>Organizaciju uzgoja \u0161umskog vo\u0107a koje se samoniklo pojavljuje na ovim terenima sa uvo\u0111enjem i novih vrsta koje se mogu prilagoditi ovom podnevlju.<\/li>\n<\/ul>\n<p>Analiza prirodnih uslova pokazuje da na ovim terenima postoje vrlo rasprostranjene raznovrsne vrste samoniklog \u0161umskog vo\u0107a (glog, drijen, divlja tre\u0161nja, \u0161ipurak, divlja kru\u0161ka, divlja jabuka, lje\u0161nik), a prirodni uslovi su pogodni i za uvo\u0111enje novih vrsta kao \u0161to su kanadska borovnica i sl.<\/p>\n<p>Organizacija tog uzgoja zahtijeva proizvodnju rasadnog materijala, a za to su pogodni \u0161umski rasadnici koji ve\u0107 postoje na terenu op\u0107ine. Uvo\u0111enjem proizvodnje rasadnog materijala u postoje\u0107im rasadnicima vr\u0161i se pod nadzorom stru\u010dnog kadra.<\/p>\n<p>Prirodni uslovi za preradu aromati\u010dnog, ljekovitog i za\u010dinskog bilja na terenima op\u0107ine daju \u0161ansu da se dobrom organizacijom primarne proizvodnje i finalizacije postignu visoki finansijski efekti, jer osim prirodnih uslova proizvodi iz ove proizvodne linije imaju i gotovo neograni\u010deno tr\u017ei\u0161te u bli\u017eoj i daljoj okolini.<\/p>\n<p>Po\u010detni koraci su u okviru \u0161umskih rasadnika, osmi\u0161ljavanje i projektovanje organizacije prerade, pa \u010dak i edukacija individualnih proizvo\u0111a\u010da za pripremu primarne proizvodnje tog bilja na seoskim imanjima.<\/p>\n<p>Prirodni uslovi za razvoj p\u010delarstva na ovim terenima su vrlo pogodni sa stanovi\u0161ta proizvodnje p\u010delarskih proizvoda visokog kvaliteta \u0161umskog meda koji ima najbolju ocjenu na tr\u017ei\u0161tu.<\/p>\n<p>&nbsp;<\/p>\n<p><strong>\u0160umarstvo<\/strong><\/p>\n<p><strong>Uzgoj, njega i eksploatacija \u0161uma<\/strong><\/p>\n<p>U pristupu programiranju eksploatacije \u0161ume kao obnovljivog prirodnog resursa postoje nekoliko segmenata na koje treba obratiti pa\u017enju i dovesti u me\u0111usobne funkcionalne veze sa ostalim privrednim podru\u010djima.<\/p>\n<p>Sistematizovanje tih segmenata se mo\u017ee izvr\u0161iti na dosta na\u010dina:<\/p>\n<ul>\n<li>Davanje koncesija za kori\u0161tenje \u0161umskih resursa i uskla\u0111ivanje interesa davaoca i korisnika koncesija;<\/li>\n<li>Uzgoj i eksploatacija drveta;<\/li>\n<li>Rasadni\u010dka proizvodnja;<\/li>\n<li>Kori\u0161tenje \u0161umskog zemlji\u0161ta i samoniklog bilja sa preradom;<\/li>\n<li>\u0160uma u funkciji razvoja turizma.<\/li>\n<\/ul>\n<p>&nbsp;<\/p>\n","protected":false},"excerpt":{"rendered":"<p>U periodu od 1945.- 1992. godine Olovo se razvijalo kao industrijski gradi\u0107 prije svega na bazi razvoja drvno- prera\u0111iva\u010dke i tekstilne indsutrije. Tranzitna pozicija i blizina Sarajevu pozitivno su uticala na razvoj Olova. U poslijeratnom periodu pokrenuto je privatna firma Alma Ras koja upo\u0161ljava oko 800 ljudi. Posebno mjesto u privredi Op\u0107ine zauzima i rudnik [&hellip;]<\/p>\n","protected":false},"author":1,"featured_media":221,"parent":0,"menu_order":0,"comment_status":"closed","ping_status":"closed","template":"","meta":[],"_links":{"self":[{"href":"https:\/\/olovo.gov.ba\/index.php?rest_route=\/wp\/v2\/pages\/296"}],"collection":[{"href":"https:\/\/olovo.gov.ba\/index.php?rest_route=\/wp\/v2\/pages"}],"about":[{"href":"https:\/\/olovo.gov.ba\/index.php?rest_route=\/wp\/v2\/types\/page"}],"author":[{"embeddable":true,"href":"https:\/\/olovo.gov.ba\/index.php?rest_route=\/wp\/v2\/users\/1"}],"replies":[{"embeddable":true,"href":"https:\/\/olovo.gov.ba\/index.php?rest_route=%2Fwp%2Fv2%2Fcomments&post=296"}],"version-history":[{"count":3,"href":"https:\/\/olovo.gov.ba\/index.php?rest_route=\/wp\/v2\/pages\/296\/revisions"}],"predecessor-version":[{"id":299,"href":"https:\/\/olovo.gov.ba\/index.php?rest_route=\/wp\/v2\/pages\/296\/revisions\/299"}],"wp:featuredmedia":[{"embeddable":true,"href":"https:\/\/olovo.gov.ba\/index.php?rest_route=\/wp\/v2\/media\/221"}],"wp:attachment":[{"href":"https:\/\/olovo.gov.ba\/index.php?rest_route=%2Fwp%2Fv2%2Fmedia&parent=296"}],"curies":[{"name":"wp","href":"https:\/\/api.w.org\/{rel}","templated":true}]}}