{"id":300,"date":"2016-04-13T16:34:30","date_gmt":"2016-04-13T14:34:30","guid":{"rendered":"http:\/\/olovo.gov.ba\/?page_id=300"},"modified":"2016-04-13T16:34:30","modified_gmt":"2016-04-13T14:34:30","slug":"prirodni-resursi","status":"publish","type":"page","link":"https:\/\/olovo.gov.ba?page_id=300","title":{"rendered":"Prirodni resursi"},"content":{"rendered":"<p>Najzna\u010dajnije prirodno bogatstvo op\u0107ine su \u0161ume na kojima po\u010diva privreda Olova, o\u010duvana podru\u010dja prirodnih vrijednosti, kombinovana sa izvorom mineralne vode, kao i hidrolo\u0161ki resursi koji imaju \u0161iri zna\u010daj za stanovi\u0161to u smislu vodosnadbijevanja, a djelimi\u010dno i kao hidroenergetski potencijal.<\/p>\n<p>Prirodni resursi kojima raspola\u017ee op\u0107ina Olovo predstavljaju solidnu osnovu ukupnog dru\u0161tveno-ekonomskog razvoja, a njihovo efikasnije i racionalnije kori\u0161tenje doprinosi br\u017eem privrednom razvoju.<\/p>\n<p>Ljekovite mineralne vode, podru\u010dja prirodnih vrijednosti i uop\u0107e visok kvalitet prirodne \u017eivotne sredine, koji \u0107e jo\u0161 vi\u0161e porasti izgradnjom akumulacionih jezera predstavljaju zna\u010dajne komparativne prednosti ovog podru\u010dja.<\/p>\n<p>Uz veoma povoljan geoprometni polo\u017eaj koji \u0107e dobiti na kvalitetu modernizacijom postoje\u0107e putne mre\u017ee, turizam i rekreacija lokalnog i regionalnog zna\u010daja postati \u0107e bitan faktor razvoja. Na planiranim akumulacijama \u010dija je namjena prvenstveno za vodoopskrbu mo\u017ee se organizirati sport, rekreacija i ribolov.<\/p>\n<p>Prema tome, \u010duvanje, njegovanje i unapre\u0111enje kvaliteta \u017eivotne sredine koja predstavlja komplementaran faktor ljekovitim mineralnim vodama je neophodan uvjet za razvoj turizma.<\/p>\n<p>&nbsp;<\/p>\n<p><strong>Mineralni resursi<\/strong><\/p>\n<p>Od mineralnih sirovina na podru\u010dju Op\u0107ine Olovo se nalaze ekonomski zna\u010dajne koli\u010dine olovne rude (ceruzit), a rudarska aktivnost datira jo\u0161 iz vremena Rimljana.<\/p>\n<p>Mineralni resursi zastupljeni na podru\u010dju op\u0107ine Olovo su:<\/p>\n<ul>\n<li>Nemetali\u010dne mineralne sirovine (magmatskog porijekla) koje zauzimaju zna\u010dajno mjesto u gra\u0111evinarstvu kao ukrasi, tehni\u010dki ili arhitektonski kamen;<\/li>\n<li>Nemetali\u010dne mineralne sirovine (sedimentnog porijekla) koje tako\u0111e imaju veliku primjenu u gra\u0111evinarstvu, a prvenstveno se to donosi na karbonatne kre\u010dnja\u010dke tvorevine trijaske starosti;<\/li>\n<li>Metali\u010dne mineralne sirovine \u2013 prvenstveno se misli na olovnu rudu, mineralna le\u017ei\u0161ta ceruzita;<\/li>\n<li>Termalna voda \u2013 pogodna za banjsko lije\u010denje.<\/li>\n<\/ul>\n<p>&nbsp;<\/p>\n<p><strong>\u0160ume<\/strong><\/p>\n<p>Zna\u010dajno \u0161umsko bogatstvo, kao i industrija bazirana u njemu su i do sada bili glavno razvojno opredjeljenje, naime ukupna povr\u0161ina \u0161umskog zemlji\u0161ta je 27.821 ha ili 68,1% povr\u0161ine op\u0107ine.<\/p>\n<p>Insistira se na \u010duvanju, racionalnom kori\u0161tenju i obnavljanju \u0161uma koje istovremeno predstavljaju zna\u010dajan element kvaliteta prirodne sredine.<\/p>\n<p>&nbsp;<\/p>\n<p><strong>Vodeni potencijal<\/strong><\/p>\n<p>Kroz op\u0161tinu Olovo proti\u010du tri rijeke, na kojima je i nastao op\u0161tinski centar. Te rijeke su: Stup\u010danica, Bio\u0161tica koje se spajaju u gradu i \u010dine Krivaju.<\/p>\n<p>Povr\u0161inski tokovi na ovom podru\u010dju prema ihtiolo\u0161koj klasifikaciji i ekolo\u0161kim uslovima, pripadaju tipu \u010disto salmonodnih voda, sa izuzetkom rijeke Krivaje ispod Olova. To su vanredno povoljna ribolovna podru\u010dj, koja se ubrajaju u prve kategorije sportsko- turisti\u010dkih ribolovnih terena, koji su naseljeni poto\u010dnom pastrmkom, lipljanom, mladicom, te klijenom, \u0161kobaljom poto\u010dnom mrenom i dr., naseljeni su i rak kamenjar i plemeniti rak.<\/p>\n<p>Planinske rijeke Stup\u010danica i Bio\u0161tica, koje tvore Krivaju, svojim ljepotama privla\u010de veliki broj ljubitelja sportskog ribolova, te prijatelja prirode uop\u0161te koji \u010dine ve\u0107inu izletnika na ovim prostorima.<\/p>\n<p>Rijeka Krivaja se prostire na podru\u010dju op\u0107ine Olovo du\u017einom od 35 km i pru\u017ea izvanredne mogu\u0107nosti za razli\u010dite vrste turisti\u010dke ponude. Prije svega, mogu\u0107nost organizovanja rafting tura, ali i na potencijale za razvoj sportskog ribolova i fly fishinga.<\/p>\n<p>Posljednjih nekoliko godina op\u0107ina Olovo i Zavidovi\u0107i organizuju rafting na rijeci Krivaji koji svake godine okuplja sve ve\u0107i broj u\u010desnika i prelazi udaljenost od 72 km.<\/p>\n<p>I pored tri rijeke, ipak najve\u0107u pa\u017enju privla\u010de termalne vode \u010dija je temperatura konstantna tokom cijele godine. Pogodne su za lije\u010denja, prije svega ko\u017enih bolesti i bolesti o\u010diju. Kapacitet hotela &#8220;Aquaterm&#8221; je uvijek popunjen.<\/p>\n","protected":false},"excerpt":{"rendered":"<p>Najzna\u010dajnije prirodno bogatstvo op\u0107ine su \u0161ume na kojima po\u010diva privreda Olova, o\u010duvana podru\u010dja prirodnih vrijednosti, kombinovana sa izvorom mineralne vode, kao i hidrolo\u0161ki resursi koji imaju \u0161iri zna\u010daj za stanovi\u0161to u smislu vodosnadbijevanja, a djelimi\u010dno i kao hidroenergetski potencijal. Prirodni resursi kojima raspola\u017ee op\u0107ina Olovo predstavljaju solidnu osnovu ukupnog dru\u0161tveno-ekonomskog razvoja, a njihovo efikasnije i [&hellip;]<\/p>\n","protected":false},"author":1,"featured_media":0,"parent":0,"menu_order":0,"comment_status":"closed","ping_status":"closed","template":"","meta":[],"_links":{"self":[{"href":"https:\/\/olovo.gov.ba\/index.php?rest_route=\/wp\/v2\/pages\/300"}],"collection":[{"href":"https:\/\/olovo.gov.ba\/index.php?rest_route=\/wp\/v2\/pages"}],"about":[{"href":"https:\/\/olovo.gov.ba\/index.php?rest_route=\/wp\/v2\/types\/page"}],"author":[{"embeddable":true,"href":"https:\/\/olovo.gov.ba\/index.php?rest_route=\/wp\/v2\/users\/1"}],"replies":[{"embeddable":true,"href":"https:\/\/olovo.gov.ba\/index.php?rest_route=%2Fwp%2Fv2%2Fcomments&post=300"}],"version-history":[{"count":1,"href":"https:\/\/olovo.gov.ba\/index.php?rest_route=\/wp\/v2\/pages\/300\/revisions"}],"predecessor-version":[{"id":301,"href":"https:\/\/olovo.gov.ba\/index.php?rest_route=\/wp\/v2\/pages\/300\/revisions\/301"}],"wp:attachment":[{"href":"https:\/\/olovo.gov.ba\/index.php?rest_route=%2Fwp%2Fv2%2Fmedia&parent=300"}],"curies":[{"name":"wp","href":"https:\/\/api.w.org\/{rel}","templated":true}]}}