{"id":302,"date":"2016-04-13T16:46:11","date_gmt":"2016-04-13T14:46:11","guid":{"rendered":"http:\/\/olovo.gov.ba\/?page_id=302"},"modified":"2016-04-13T16:55:11","modified_gmt":"2016-04-13T14:55:11","slug":"stanovnistvo","status":"publish","type":"page","link":"https:\/\/olovo.gov.ba?page_id=302","title":{"rendered":"Stanovni\u0161tvo"},"content":{"rendered":"<p>[vc_row][vc_column][vc_column_text]Op\u0107ina Olovo grani\u010di sa sedam op\u0107ina: Ilija\u0161, Sokolac, Han Pijesak, Kladanj, Banovi\u0107i, Zavidovi\u0107i i Vare\u0161.<\/p>\n<p>Na prostoru op\u0107ine koji obuhvata 408 km2 (8,4 % povr\u0161ine Regiona) \u017eivi trenutno oko 11. 000 stanovnika.<\/p>\n<p>Dosada\u0161nji uravnote\u017een razvoj sistema naselja u op\u0107ini Olovo uglavnom je uvjetovan specifi\u010dnim, veoma povoljnim, geoprometnim polo\u017eajem op\u0107ine u Regiji i dr\u017eavi. Sam op\u0107inski centar se nalazi na magistralnom putu Sarajevo \u2013 Tuzla dok tri regionalna puta (prema Zavidovi\u0107ima, Han Pijesku i Sokocu) prakti\u010dno pokrivaju gotovo cjelokupnu podru\u010dje op\u0107ine i povezuju veliki broj naselja. Ovim se mo\u017ee objasniti \u010dinjenica da i pored ruralnog egzodusa na podru\u010dju op\u0107ine nije do\u0161lo do masovnog napu\u0161tanja seoskih naselja i koncentracije u op\u0107inskom centru.<\/p>\n<p>Gotovo sva radna mjesta su skoncentrirana u op\u0107inskom centru.<\/p>\n<p>Sa tendencijom monocentri\u010dnog razvoja moglo bi se govoriti i o odre\u0111enoj tendenciji spontanog policentrizma u sistemu naselja. Tako je u nekim povoljno lociranim naseljima u kojima raste broj stanovnika (Solun, Careva \u0107uprija, \u010cuni\u0161ta) do\u0161lo do skromne disperzije nekih centralnih funkcija (\u0161kolstvo, zdravstvo, uslu\u017ene djelatnosti) i na taj na\u010din do formiranja naselja sa nekim (rudimentarnim) osobinama lokalnih centara.<\/p>\n<p>Mre\u017eu centara sistema naselja op\u0107ine Olovo \u010dine:<\/p>\n<ul>\n<li>Op\u0107inski centar Olovo;<\/li>\n<li>Prigradska naselja Olovske Luke*;<\/li>\n<li>Dolovi (centar zajednice sela).<\/li>\n<\/ul>\n<p>Centri zajednice sela Solun;<\/p>\n<ul>\n<li>Careva \u0106uprija (Kamensko);<\/li>\n<li>Petrovi\u0107i;<\/li>\n<li>Dolovi (kao prigradsko naselje);<\/li>\n<\/ul>\n<p>Naselje Olovske Luke ve\u0107 sada \u010dine jednu vrstu longitudinalno urbane aglomeracije sa op\u0107inskim centrom.<\/p>\n<p>Urbana oprema u op\u0107inskom centru zadovoljava u potpunosti cjelokupno stanovni\u0161tvo op\u0107ine, te ga \u010dine sljede\u0107i sadr\u017eaji;<\/p>\n<ul>\n<li>dom zdravlja;<\/li>\n<li>apoteka;<\/li>\n<li>veterinarska stanica;<\/li>\n<li>obdani\u0161te;<\/li>\n<li>centar za socijalni rad;<\/li>\n<li>samostalna osmogodi\u0161nja \u0161kola;<\/li>\n<li>srednjo\u0161kolski centar;<\/li>\n<li>dom kulture;<\/li>\n<li>biblioteka;<\/li>\n<li>kino;<\/li>\n<li>trgovine za povremeno i dnevno snadbjevanje;<\/li>\n<li>robna ku\u0107a;<\/li>\n<li>hoteli ili moteli;<\/li>\n<li>restorani;<\/li>\n<li>filijala banke;<\/li>\n<li>kompletna PTT jedinica.<\/li>\n<\/ul>\n<p>Odlukom o prostornom ure\u0111enju podru\u010dja op\u0107ine Olovo utvr\u0111eno je 60 urbanih podru\u010dja.<\/p>\n<p>Po posljednjem slu\u017ebenom popisu stanovni\u0161tva iz 1991. godine, op\u0107ina Olovo imala je 16.956 stanovnika, raspore\u0111enih u 44 naselja.<\/p>\n<p>Poslije potpisivanja Daytonskog sporazuma, ve\u0107i dio op\u0107ine Olovo u\u0161ao je u sastav Federacije Bosne i Hercegovine.<\/p>\n<p>U sastav Republike Srpske u\u0161la su naseljena mjesta: Gornji Drapni\u0107i i \u0160a\u0161evci, te dijelovi naseljenih mjesta: Gurdi\u0107i, Kolakovi\u0107i i Kraji\u0161i\u0107i.<\/p>\n<p>[\/vc_column_text][\/vc_column][\/vc_row][vc_row][vc_column]<div class=\"c-accordion\"><div class=\"c-content-box\"><ul class=\"accordion-items\"><li class=\"\"><h4 class=\"accordion-title\">Nacionalni sastav stanovni\u0161tva - op\u0107ina Olovo prema popisu iz 1991. godine<\/h4><div class=\"accordion-content\"><p>Ukupno: 16.956<\/p>\n<ul>\n<li>Muslimani &#8211; 12.699 (74,89%)<\/li>\n<li>Srbi &#8211; 3.193 (18,83%)<\/li>\n<li>Hrvati &#8211; 642 (3,78%)<\/li>\n<li>Jugoslaveni &#8211; 285 (1,68%)<\/li>\n<li>ostali, neopredijeljeni i nepoznato &#8211; 137 (0,82%)<\/li>\n<\/ul>\n<\/div><\/li><li class=\"\"><h4 class=\"accordion-title\">Nacionalni sastav stanovni\u0161tva - Grad Olovo prema popisu iz 1991. godine<\/h4><div class=\"accordion-content\"><p>Ukupno: 3.311<\/p>\n<ul>\n<li>Muslimani &#8211; 2.143 (64,72%)<\/li>\n<li>Srbi &#8211; 820 (24,76%)<\/li>\n<li>Hrvati &#8211; 94 (2,83%)<\/li>\n<li>Jugoslaveni &#8211; 202 (6,10%)<\/li>\n<li>ostali, neopredijeljeni i nepoznato &#8211; 52 (1,57%)<\/li>\n<\/ul>\n<\/div><\/li><li class=\"\"><h4 class=\"accordion-title\">Popis iz 1981. godine<\/h4><div class=\"accordion-content\"><p>Ukupno: 16.341<\/p>\n<ul>\n<li>Muslimani &#8211; 11.593 (70,94%)<\/li>\n<li>Srbi &#8211; 3.349 (20,49%)<\/li>\n<li>Hrvati &#8211; 802 (4,90%)<\/li>\n<li>Jugoslaveni &#8211; 478 (2,92%)<\/li>\n<li>ostali, neopredijeljeni i nepoznato &#8211; 119 (0,75%)<\/li>\n<\/ul>\n<\/div><\/li><li class=\"\"><h4 class=\"accordion-title\">Popis iz 1971. godine<\/h4><div class=\"accordion-content\"><p>Ukupno: 15.203<\/p>\n<ul>\n<li>Muslimani &#8211; 10.546 (69,36%)<\/li>\n<li>Srbi &#8211; 3.601 (23,68%)<\/li>\n<li>Hrvati &#8211; 930 (6,11%)<\/li>\n<li>Jugoslaveni &#8211; 46 (0,30%)<\/li>\n<li>ostali, neopredijeljeni i nepoznato &#8211; 80 (0,55%).<\/li>\n<\/ul>\n<\/div><\/li><\/ul><\/div><\/div>[\/vc_column][\/vc_row]<\/p>\n","protected":false},"excerpt":{"rendered":"<p>[vc_row][vc_column][vc_column_text]Op\u0107ina Olovo grani\u010di sa sedam op\u0107ina: Ilija\u0161, Sokolac, Han Pijesak, Kladanj, Banovi\u0107i, Zavidovi\u0107i i Vare\u0161. Na prostoru op\u0107ine koji obuhvata 408 km2 (8,4 % povr\u0161ine Regiona) \u017eivi trenutno oko 11. 000 stanovnika. Dosada\u0161nji uravnote\u017een razvoj sistema naselja u op\u0107ini Olovo uglavnom je uvjetovan specifi\u010dnim, veoma povoljnim, geoprometnim polo\u017eajem op\u0107ine u Regiji i dr\u017eavi. Sam op\u0107inski [&hellip;]<\/p>\n","protected":false},"author":1,"featured_media":0,"parent":0,"menu_order":0,"comment_status":"closed","ping_status":"closed","template":"","meta":[],"_links":{"self":[{"href":"https:\/\/olovo.gov.ba\/index.php?rest_route=\/wp\/v2\/pages\/302"}],"collection":[{"href":"https:\/\/olovo.gov.ba\/index.php?rest_route=\/wp\/v2\/pages"}],"about":[{"href":"https:\/\/olovo.gov.ba\/index.php?rest_route=\/wp\/v2\/types\/page"}],"author":[{"embeddable":true,"href":"https:\/\/olovo.gov.ba\/index.php?rest_route=\/wp\/v2\/users\/1"}],"replies":[{"embeddable":true,"href":"https:\/\/olovo.gov.ba\/index.php?rest_route=%2Fwp%2Fv2%2Fcomments&post=302"}],"version-history":[{"count":4,"href":"https:\/\/olovo.gov.ba\/index.php?rest_route=\/wp\/v2\/pages\/302\/revisions"}],"predecessor-version":[{"id":307,"href":"https:\/\/olovo.gov.ba\/index.php?rest_route=\/wp\/v2\/pages\/302\/revisions\/307"}],"wp:attachment":[{"href":"https:\/\/olovo.gov.ba\/index.php?rest_route=%2Fwp%2Fv2%2Fmedia&parent=302"}],"curies":[{"name":"wp","href":"https:\/\/api.w.org\/{rel}","templated":true}]}}