{"id":423,"date":"2016-04-20T11:06:16","date_gmt":"2016-04-20T09:06:16","guid":{"rendered":"http:\/\/olovo.gov.ba\/?page_id=423"},"modified":"2024-12-09T09:35:15","modified_gmt":"2024-12-09T08:35:15","slug":"opcinsko-vijece","status":"publish","type":"page","link":"https:\/\/olovo.gov.ba?page_id=423","title":{"rendered":"Op\u0107insko vije\u0107e"},"content":{"rendered":"<p>[vc_row][vc_column][vc_column_text]Sastav sada\u0161njeg Op\u0107inskog vije\u0107a \u010dine sljede\u0107i vije\u0107nici<\/p>\n<p>[\/vc_column_text]<div class=\"c-accordion\"><div class=\"c-content-box\"><ul class=\"accordion-items\"><li class=\"\"><h4 class=\"accordion-title\">SDA - STRANKA DEMOKRATSKE AKCIJE<\/h4><div class=\"accordion-content\"><ol>\n<li>Kadir Ple\u0107an<\/li>\n<li>Avdo Ku\u010danovi\u0107<\/li>\n<li>Aida Had\u017eiabdi\u0107<\/li>\n<li>Armin Ba\u0161i\u0107<\/li>\n<li>Habil Had\u017eiabdi\u0107<\/li>\n<li>Ramiz Ibrahimovi\u0107<\/li>\n<li>Selvedin Kari\u0107<\/li>\n<li>\u0106azim Had\u017eiefendi\u0107<\/li>\n<li>Adnan Hod\u017ei\u0107<\/li>\n<\/ol>\n<\/div><\/li><li class=\"\"><h4 class=\"accordion-title\">DF - DEMOKRATSKA FRONTA<\/h4><div class=\"accordion-content\"><ol>\n<li>Mujo Ahmetspahi\u0107<\/li>\n<\/ol>\n<\/div><\/li><li class=\"\"><h4 class=\"accordion-title\">NES - ZAJEDNO<\/h4><div class=\"accordion-content\"><ol>\n<li>Idris Smailhod\u017ei\u0107<\/li>\n<\/ol>\n<\/div><\/li><li class=\"\"><h4 class=\"accordion-title\">STRANKA ZA OP\u0106INU OLOVO - SzOOL<\/h4><div class=\"accordion-content\"><ol>\n<li>Emra Sarajli\u0107 &#8211; Dedi\u0107<\/li>\n<li>Muamer Muminovi\u0107<\/li>\n<li>Amir Gledo<\/li>\n<\/ol>\n<\/div><\/li><li class=\"\"><h4 class=\"accordion-title\">SDP - SOCIJALDEMOKRATSKA PARTIJA BIH<\/h4><div class=\"accordion-content\"><ol>\n<li>D\u017eelil Zuki\u0107<\/li>\n<li>Belma Karagi\u0107<\/li>\n<\/ol>\n<\/div><\/li><li class=\"\"><h4 class=\"accordion-title\">NAPRIJED BIH<\/h4><div class=\"accordion-content\"><ol>\n<li>Admir Helja<\/li>\n<\/ol>\n<\/div><\/li><\/ul><\/div><\/div>[\/vc_column][\/vc_row]<\/p>\n","protected":false},"excerpt":{"rendered":"<p>[vc_row][vc_column][vc_column_text]Sastav sada\u0161njeg Op\u0107inskog vije\u0107a \u010dine sljede\u0107i vije\u0107nici [\/vc_column_text][\/vc_column][\/vc_row]<\/p>\n","protected":false},"author":1,"featured_media":0,"parent":0,"menu_order":0,"comment_status":"closed","ping_status":"closed","template":"","meta":[],"_links":{"self":[{"href":"https:\/\/olovo.gov.ba\/index.php?rest_route=\/wp\/v2\/pages\/423"}],"collection":[{"href":"https:\/\/olovo.gov.ba\/index.php?rest_route=\/wp\/v2\/pages"}],"about":[{"href":"https:\/\/olovo.gov.ba\/index.php?rest_route=\/wp\/v2\/types\/page"}],"author":[{"embeddable":true,"href":"https:\/\/olovo.gov.ba\/index.php?rest_route=\/wp\/v2\/users\/1"}],"replies":[{"embeddable":true,"href":"https:\/\/olovo.gov.ba\/index.php?rest_route=%2Fwp%2Fv2%2Fcomments&post=423"}],"version-history":[{"count":5,"href":"https:\/\/olovo.gov.ba\/index.php?rest_route=\/wp\/v2\/pages\/423\/revisions"}],"predecessor-version":[{"id":6187,"href":"https:\/\/olovo.gov.ba\/index.php?rest_route=\/wp\/v2\/pages\/423\/revisions\/6187"}],"wp:attachment":[{"href":"https:\/\/olovo.gov.ba\/index.php?rest_route=%2Fwp%2Fv2%2Fmedia&parent=423"}],"curies":[{"name":"wp","href":"https:\/\/api.w.org\/{rel}","templated":true}]}}